{"id":11555,"date":"2025-03-03T16:16:27","date_gmt":"2025-03-03T16:16:27","guid":{"rendered":"https:\/\/doblegroup.com\/?page_id=11555"},"modified":"2025-03-03T16:16:32","modified_gmt":"2025-03-03T16:16:32","slug":"pagina-no-encontrada","status":"publish","type":"page","link":"https:\/\/doblegroup.com\/en\/pagina-no-encontrada\/","title":{"rendered":"Error 404 &#8211; Pagina no encontrada"},"content":{"rendered":"<div data-elementor-type=\"wp-page\" data-elementor-id=\"11555\" class=\"elementor elementor-11555\" data-elementor-post-type=\"page\">\n\t\t\t\t<div class=\"elementor-element elementor-element-c93f1eb e-flex e-con-boxed e-con e-parent\" data-id=\"c93f1eb\" data-element_type=\"container\" data-e-type=\"container\" data-settings=\"{&quot;background_background&quot;:&quot;classic&quot;}\">\n\t\t\t\t\t<div class=\"e-con-inner\">\n\t\t<div class=\"elementor-element elementor-element-9c4fefc e-con-full e-flex e-con e-child\" data-id=\"9c4fefc\" data-element_type=\"container\" data-e-type=\"container\">\n\t\t\t\t<div class=\"elementor-element elementor-element-6d51507 exad-sticky-section-no exad-glass-effect-no elementor-widget elementor-widget-heading\" data-id=\"6d51507\" data-element_type=\"widget\" data-e-type=\"widget\" data-widget_type=\"heading.default\">\n\t\t\t\t<div class=\"elementor-widget-container\">\n\t\t\t\t\t<h2 class=\"elementor-heading-title elementor-size-default\">404: P\u00e1gina no encontrada, pero tu \u00e9xito s\u00ed<\/h2>\t\t\t\t<\/div>\n\t\t\t\t<\/div>\n\t\t\t\t<div class=\"elementor-element elementor-element-cfd8ec7 exad-sticky-section-no exad-glass-effect-no elementor-widget elementor-widget-heading\" data-id=\"cfd8ec7\" data-element_type=\"widget\" data-e-type=\"widget\" data-widget_type=\"heading.default\">\n\t\t\t\t<div class=\"elementor-widget-container\">\n\t\t\t\t\t<h3 class=\"elementor-heading-title elementor-size-default\">No te preocupes, estamos aqu\u00ed para guiarte de vuelta al camino correcto.<\/h3>\t\t\t\t<\/div>\n\t\t\t\t<\/div>\n\t\t\t\t<div class=\"elementor-element elementor-element-e7f64e8 exad-sticky-section-no exad-glass-effect-no elementor-widget elementor-widget-text-editor\" data-id=\"e7f64e8\" data-element_type=\"widget\" data-e-type=\"widget\" data-widget_type=\"text-editor.default\">\n\t\t\t\t<div class=\"elementor-widget-container\">\n\t\t\t\t\t\t\t\t\t<p>Mientras encuentras lo que buscabas, \u00bfpor qu\u00e9 no exploras c\u00f3mo podemos ayudarte a optimizar tu negocio con Salesforce? Desde la implementaci\u00f3n de CRM hasta la automatizaci\u00f3n de procesos, trabajamos contigo para crear soluciones que se adapten a tus necesidades y objetivos.<\/p>\t\t\t\t\t\t\t\t<\/div>\n\t\t\t\t<\/div>\n\t\t\t\t<div class=\"elementor-element elementor-element-c0f341d elementor-align-center exad-sticky-section-no exad-glass-effect-no elementor-widget elementor-widget-button\" data-id=\"c0f341d\" data-element_type=\"widget\" data-e-type=\"widget\" data-widget_type=\"button.default\">\n\t\t\t\t<div class=\"elementor-widget-container\">\n\t\t\t\t\t\t\t\t\t<div class=\"elementor-button-wrapper\">\n\t\t\t\t\t<a class=\"elementor-button elementor-button-link elementor-size-sm\" href=\"https:\/\/doblegroup.com\">\n\t\t\t\t\t\t<span class=\"elementor-button-content-wrapper\">\n\t\t\t\t\t\t\t\t\t<span class=\"elementor-button-text\">Descubre nuestras soluciones<\/span>\n\t\t\t\t\t<\/span>\n\t\t\t\t\t<\/a>\n\t\t\t\t<\/div>\n\t\t\t\t\t\t\t\t<\/div>\n\t\t\t\t<\/div>\n\t\t\t\t<\/div>\n\t\t\t\t\t<\/div>\n\t\t\t\t<\/div>\n\t\t\t\t<\/div>","protected":false},"excerpt":{"rendered":"<p>404: P\u00e1gina no encontrada, pero tu \u00e9xito s\u00ed No te preocupes, estamos aqu\u00ed para guiarte de vuelta al camino correcto. Mientras encuentras lo que buscabas, \u00bfpor qu\u00e9 no exploras c\u00f3mo podemos ayudarte a optimizar tu negocio con Salesforce? Desde la implementaci\u00f3n de CRM hasta la automatizaci\u00f3n de procesos, trabajamos contigo para crear soluciones que se [&hellip;]<\/p>","protected":false},"author":5,"featured_media":0,"parent":0,"menu_order":0,"comment_status":"closed","ping_status":"closed","template":"","meta":{"_acf_changed":false,"site-sidebar-layout":"no-sidebar","site-content-layout":"page-builder","ast-site-content-layout":"full-width-container","site-content-style":"default","site-sidebar-style":"default","ast-global-header-display":"","ast-banner-title-visibility":"","ast-main-header-display":"","ast-hfb-above-header-display":"","ast-hfb-below-header-display":"","ast-hfb-mobile-header-display":"","site-post-title":"disabled","ast-breadcrumbs-content":"","ast-featured-img":"disabled","footer-sml-layout":"","ast-disable-related-posts":"","theme-transparent-header-meta":"","adv-header-id-meta":"","stick-header-meta":"","header-above-stick-meta":"","header-main-stick-meta":"","header-below-stick-meta":"","astra-migrate-meta-layouts":"set","ast-page-background-enabled":"default","ast-page-background-meta":{"desktop":{"background-color":"var(--ast-global-color-4)","background-image":"","background-repeat":"repeat","background-position":"center center","background-size":"auto","background-attachment":"scroll","background-type":"","background-media":"","overlay-type":"","overlay-color":"","overlay-opacity":"","overlay-gradient":""},"tablet":{"background-color":"","background-image":"","background-repeat":"repeat","background-position":"center center","background-size":"auto","background-attachment":"scroll","background-type":"","background-media":"","overlay-type":"","overlay-color":"","overlay-opacity":"","overlay-gradient":""},"mobile":{"background-color":"","background-image":"","background-repeat":"repeat","background-position":"center center","background-size":"auto","background-attachment":"scroll","background-type":"","background-media":"","overlay-type":"","overlay-color":"","overlay-opacity":"","overlay-gradient":""}},"ast-content-background-meta":{"desktop":{"background-color":"var(--ast-global-color-5)","background-image":"","background-repeat":"repeat","background-position":"center center","background-size":"auto","background-attachment":"scroll","background-type":"","background-media":"","overlay-type":"","overlay-color":"","overlay-opacity":"","overlay-gradient":""},"tablet":{"background-color":"var(--ast-global-color-5)","background-image":"","background-repeat":"repeat","background-position":"center center","background-size":"auto","background-attachment":"scroll","background-type":"","background-media":"","overlay-type":"","overlay-color":"","overlay-opacity":"","overlay-gradient":""},"mobile":{"background-color":"var(--ast-global-color-5)","background-image":"","background-repeat":"repeat","background-position":"center center","background-size":"auto","background-attachment":"scroll","background-type":"","background-media":"","overlay-type":"","overlay-color":"","overlay-opacity":"","overlay-gradient":""}},"footnotes":""},"class_list":["post-11555","page","type-page","status-publish","hentry"],"acf":[],"_links":{"self":[{"href":"https:\/\/doblegroup.com\/en\/wp-json\/wp\/v2\/pages\/11555","targetHints":{"allow":["GET"]}}],"collection":[{"href":"https:\/\/doblegroup.com\/en\/wp-json\/wp\/v2\/pages"}],"about":[{"href":"https:\/\/doblegroup.com\/en\/wp-json\/wp\/v2\/types\/page"}],"author":[{"embeddable":true,"href":"https:\/\/doblegroup.com\/en\/wp-json\/wp\/v2\/users\/5"}],"replies":[{"embeddable":true,"href":"https:\/\/doblegroup.com\/en\/wp-json\/wp\/v2\/comments?post=11555"}],"version-history":[{"count":16,"href":"https:\/\/doblegroup.com\/en\/wp-json\/wp\/v2\/pages\/11555\/revisions"}],"predecessor-version":[{"id":13118,"href":"https:\/\/doblegroup.com\/en\/wp-json\/wp\/v2\/pages\/11555\/revisions\/13118"}],"wp:attachment":[{"href":"https:\/\/doblegroup.com\/en\/wp-json\/wp\/v2\/media?parent=11555"}],"curies":[{"name":"wp","href":"https:\/\/api.w.org\/{rel}","templated":true}]}}